{"id":2030,"date":"2023-02-27T20:35:46","date_gmt":"2023-02-27T20:35:46","guid":{"rendered":"https:\/\/smartcontact.sk\/?page_id=2030"},"modified":"2023-03-06T21:08:47","modified_gmt":"2023-03-06T21:08:47","slug":"sanus004","status":"publish","type":"page","link":"https:\/\/smartcontact.sk\/en\/sanus004\/","title":{"rendered":"sanus004"},"content":{"rendered":"<div data-elementor-type=\"wp-page\" data-elementor-id=\"2030\" class=\"elementor elementor-2030\" data-elementor-post-type=\"page\">\n\t\t\t\t\t\t<section data-dce-background-color=\"#3185E7\" class=\"elementor-section elementor-top-section elementor-element elementor-element-6f28344 elementor-section-height-min-height elementor-section-items-top elementor-section-boxed elementor-section-height-default\" data-id=\"6f28344\" data-element_type=\"section\" data-settings=\"{&quot;background_background&quot;:&quot;gradient&quot;}\">\n\t\t\t\t\t\t<div class=\"elementor-container elementor-column-gap-default\">\n\t\t\t\t\t<div class=\"elementor-column elementor-col-100 elementor-top-column elementor-element elementor-element-9179f1c\" data-id=\"9179f1c\" data-element_type=\"column\">\n\t\t\t<div class=\"elementor-widget-wrap elementor-element-populated\">\n\t\t\t\t\t\t<div class=\"elementor-element elementor-element-538f0a5 dce_masking-none elementor-widget elementor-widget-image\" data-id=\"538f0a5\" data-element_type=\"widget\" data-widget_type=\"image.default\">\n\t\t\t\t<div class=\"elementor-widget-container\">\n\t\t\t\t\t\t\t\t\t\t\t\t\t\t\t<img fetchpriority=\"high\" decoding=\"async\" width=\"800\" height=\"217\" src=\"https:\/\/smartcontact.sk\/wp-content\/uploads\/2023\/02\/Artwork-4.svg\" class=\"attachment-large size-large wp-image-1777\" alt=\"\" \/>\t\t\t\t\t\t\t\t\t\t\t\t\t\t\t<\/div>\n\t\t\t\t<\/div>\n\t\t\t\t<div class=\"elementor-element elementor-element-b90d8fa elementor-widget elementor-widget-heading\" data-id=\"b90d8fa\" data-element_type=\"widget\" data-widget_type=\"heading.default\">\n\t\t\t\t<div class=\"elementor-widget-container\">\n\t\t\t\t\t<h1 class=\"elementor-heading-title elementor-size-default\">Milo\u0161 Macko<\/h1>\t\t\t\t<\/div>\n\t\t\t\t<\/div>\n\t\t\t\t<div class=\"elementor-element elementor-element-602b504 elementor-widget elementor-widget-text-editor\" data-id=\"602b504\" data-element_type=\"widget\" data-widget_type=\"text-editor.default\">\n\t\t\t\t<div class=\"elementor-widget-container\">\n\t\t\t\t\t\t\t\t\t<p>Farma chovu hospod\u00e1rskych zvierat <br \/>a spracovanie reziva, recykl\u00e1cie plastov <br \/>Zemiansky Vrbovok<\/p>\t\t\t\t\t\t\t\t<\/div>\n\t\t\t\t<\/div>\n\t\t\t\t<section class=\"elementor-section elementor-inner-section elementor-element elementor-element-96110d2 elementor-section-boxed elementor-section-height-default elementor-section-height-default\" data-id=\"96110d2\" data-element_type=\"section\">\n\t\t\t\t\t\t<div class=\"elementor-container elementor-column-gap-default\">\n\t\t\t\t\t<div class=\"elementor-column elementor-col-50 elementor-inner-column elementor-element elementor-element-1e8c586\" data-id=\"1e8c586\" data-element_type=\"column\">\n\t\t\t<div class=\"elementor-widget-wrap elementor-element-populated\">\n\t\t\t\t\t\t<div class=\"elementor-element elementor-element-f574bf9 elementor-widget elementor-widget-text-editor\" data-id=\"f574bf9\" data-element_type=\"widget\" data-widget_type=\"text-editor.default\">\n\t\t\t\t<div class=\"elementor-widget-container\">\n\t\t\t\t\t\t\t\t\t<p>+421 910 535 535<br \/>sanus@drevofarmaplasty.sk<br \/>www.sanusdental.sk<\/p><p><span style=\"font-size: 13px;\">SANUS \u2013 Miroslav Kasana<\/span><\/p>\t\t\t\t\t\t\t\t<\/div>\n\t\t\t\t<\/div>\n\t\t\t\t<div class=\"elementor-element elementor-element-79692bc elementor-icon-list--layout-traditional elementor-list-item-link-full_width elementor-widget elementor-widget-icon-list\" data-id=\"79692bc\" data-element_type=\"widget\" data-widget_type=\"icon-list.default\">\n\t\t\t\t<div class=\"elementor-widget-container\">\n\t\t\t\t\t\t\t<ul class=\"elementor-icon-list-items\">\n\t\t\t\t\t\t\t<li class=\"elementor-icon-list-item\">\n\t\t\t\t\t\t\t\t\t\t\t<a href=\"https:\/\/goo.gl\/maps\/pjm6kW27w3MuqiZf8\" rel=\"nofollow\">\n\n\t\t\t\t\t\t\t\t\t\t\t\t<span class=\"elementor-icon-list-icon\">\n\t\t\t\t\t\t\t<i aria-hidden=\"true\" class=\"fas fa-map-marked-alt\"><\/i>\t\t\t\t\t\t<\/span>\n\t\t\t\t\t\t\t\t\t\t<span class=\"elementor-icon-list-text\">\u0160irok\u00e1 9, 949 05 Nitra<\/span>\n\t\t\t\t\t\t\t\t\t\t\t<\/a>\n\t\t\t\t\t\t\t\t\t<\/li>\n\t\t\t\t\t\t<\/ul>\n\t\t\t\t\t\t<\/div>\n\t\t\t\t<\/div>\n\t\t\t\t\t<\/div>\n\t\t<\/div>\n\t\t\t\t<div class=\"elementor-column elementor-col-50 elementor-inner-column elementor-element elementor-element-a5b4e99\" data-id=\"a5b4e99\" data-element_type=\"column\">\n\t\t\t<div class=\"elementor-widget-wrap\">\n\t\t\t\t\t\t\t<\/div>\n\t\t<\/div>\n\t\t\t\t\t<\/div>\n\t\t<\/section>\n\t\t\t\t\t<\/div>\n\t\t<\/div>\n\t\t\t\t\t<\/div>\n\t\t<\/section>\n\t\t\t\t<section class=\"elementor-section elementor-top-section elementor-element elementor-element-8a323aa elementor-section-boxed elementor-section-height-default elementor-section-height-default\" data-id=\"8a323aa\" data-element_type=\"section\">\n\t\t\t\t\t\t<div class=\"elementor-container elementor-column-gap-default\">\n\t\t\t\t\t<div class=\"elementor-column elementor-col-33 elementor-top-column elementor-element elementor-element-dcc41f2\" data-id=\"dcc41f2\" data-element_type=\"column\">\n\t\t\t<div class=\"elementor-widget-wrap elementor-element-populated\">\n\t\t\t\t\t\t<div class=\"elementor-element elementor-element-39f1146 dce_masking-none elementor-position-top elementor-widget elementor-widget-image-box\" data-id=\"39f1146\" data-element_type=\"widget\" data-widget_type=\"image-box.default\">\n\t\t\t\t<div class=\"elementor-widget-container\">\n\t\t\t\t\t<div class=\"elementor-image-box-wrapper\"><figure class=\"elementor-image-box-img\"><a href=\"tel:0910535535\" rel=\"nofollow\" tabindex=\"-1\"><img decoding=\"async\" width=\"195\" height=\"198\" src=\"https:\/\/smartcontact.sk\/wp-content\/uploads\/2023\/02\/tel1-copy.webp\" class=\"attachment-full size-full wp-image-1910\" alt=\"\" \/><\/a><\/figure><div class=\"elementor-image-box-content\"><div class=\"elementor-image-box-title\"><a href=\"tel:0910535535\" rel=\"nofollow\">Zavola\u0165<\/a><\/div><\/div><\/div>\t\t\t\t<\/div>\n\t\t\t\t<\/div>\n\t\t\t\t\t<\/div>\n\t\t<\/div>\n\t\t\t\t<div class=\"elementor-column elementor-col-33 elementor-top-column elementor-element elementor-element-6fe2b0a\" data-id=\"6fe2b0a\" data-element_type=\"column\">\n\t\t\t<div class=\"elementor-widget-wrap elementor-element-populated\">\n\t\t\t\t\t\t<div class=\"elementor-element elementor-element-a40fde5 dce_masking-none elementor-position-top elementor-widget elementor-widget-image-box\" data-id=\"a40fde5\" data-element_type=\"widget\" data-widget_type=\"image-box.default\">\n\t\t\t\t<div class=\"elementor-widget-container\">\n\t\t\t\t\t<div class=\"elementor-image-box-wrapper\"><figure class=\"elementor-image-box-img\"><a href=\"mailto:sanus@drevofarmaplasty.sk\" rel=\"nofollow\" tabindex=\"-1\"><img decoding=\"async\" width=\"198\" height=\"198\" src=\"https:\/\/smartcontact.sk\/wp-content\/uploads\/2023\/02\/mail1.webp\" class=\"attachment-full size-full wp-image-1914\" alt=\"\" srcset=\"https:\/\/smartcontact.sk\/wp-content\/uploads\/2023\/02\/mail1.webp 198w, https:\/\/smartcontact.sk\/wp-content\/uploads\/2023\/02\/mail1-150x150.webp 150w\" sizes=\"(max-width: 198px) 100vw, 198px\" \/><\/a><\/figure><div class=\"elementor-image-box-content\"><div class=\"elementor-image-box-title\"><a href=\"mailto:sanus@drevofarmaplasty.sk\" rel=\"nofollow\">Posla\u0165 email<\/a><\/div><\/div><\/div>\t\t\t\t<\/div>\n\t\t\t\t<\/div>\n\t\t\t\t\t<\/div>\n\t\t<\/div>\n\t\t\t\t<div class=\"elementor-column elementor-col-33 elementor-top-column elementor-element elementor-element-0880eb0\" data-id=\"0880eb0\" data-element_type=\"column\">\n\t\t\t<div class=\"elementor-widget-wrap elementor-element-populated\">\n\t\t\t\t\t\t<div class=\"elementor-element elementor-element-18ae05d dce_masking-none elementor-position-top elementor-widget elementor-widget-image-box\" data-id=\"18ae05d\" data-element_type=\"widget\" data-widget_type=\"image-box.default\">\n\t\t\t\t<div class=\"elementor-widget-container\">\n\t\t\t\t\t<div class=\"elementor-image-box-wrapper\"><figure class=\"elementor-image-box-img\"><a href=\"https:\/\/smartcontact.sk\/MilosMacko.vcf\" rel=\"nofollow\" tabindex=\"-1\"><img loading=\"lazy\" decoding=\"async\" width=\"195\" height=\"198\" src=\"https:\/\/smartcontact.sk\/wp-content\/uploads\/2023\/02\/kont1.webp\" class=\"attachment-full size-full wp-image-1915\" alt=\"\" \/><\/a><\/figure><div class=\"elementor-image-box-content\"><div class=\"elementor-image-box-title\"><a href=\"https:\/\/smartcontact.sk\/MilosMacko.vcf\" rel=\"nofollow\">Prida\u0165<br> do kontaktov<\/a><\/div><\/div><\/div>\t\t\t\t<\/div>\n\t\t\t\t<\/div>\n\t\t\t\t\t<\/div>\n\t\t<\/div>\n\t\t\t\t\t<\/div>\n\t\t<\/section>\n\t\t\t\t<section class=\"elementor-section elementor-top-section elementor-element elementor-element-bc99ad6 elementor-section-boxed elementor-section-height-default elementor-section-height-default\" data-id=\"bc99ad6\" data-element_type=\"section\">\n\t\t\t\t\t\t<div class=\"elementor-container elementor-column-gap-default\">\n\t\t\t\t\t<div data-dce-background-color=\"#32A7DD\" class=\"elementor-column elementor-col-100 elementor-top-column elementor-element elementor-element-fb4d24b\" data-id=\"fb4d24b\" data-element_type=\"column\" data-settings=\"{&quot;background_background&quot;:&quot;classic&quot;}\">\n\t\t\t<div class=\"elementor-widget-wrap elementor-element-populated\">\n\t\t\t\t\t\t<div class=\"elementor-element elementor-element-54177e7 dce_masking-none elementor-widget elementor-widget-image\" data-id=\"54177e7\" data-element_type=\"widget\" data-widget_type=\"image.default\">\n\t\t\t\t<div class=\"elementor-widget-container\">\n\t\t\t\t\t\t\t\t\t\t\t\t\t\t\t<img loading=\"lazy\" decoding=\"async\" width=\"780\" height=\"284\" src=\"https:\/\/smartcontact.sk\/wp-content\/uploads\/2023\/02\/Group-52-copy.webp\" class=\"attachment-large size-large wp-image-1876\" alt=\"\" srcset=\"https:\/\/smartcontact.sk\/wp-content\/uploads\/2023\/02\/Group-52-copy.webp 780w, https:\/\/smartcontact.sk\/wp-content\/uploads\/2023\/02\/Group-52-copy-300x109.webp 300w, https:\/\/smartcontact.sk\/wp-content\/uploads\/2023\/02\/Group-52-copy-768x280.webp 768w\" sizes=\"(max-width: 780px) 100vw, 780px\" \/>\t\t\t\t\t\t\t\t\t\t\t\t\t\t\t<\/div>\n\t\t\t\t<\/div>\n\t\t\t\t<div class=\"elementor-element elementor-element-41bae55 elementor-widget elementor-widget-heading\" data-id=\"41bae55\" data-element_type=\"widget\" data-widget_type=\"heading.default\">\n\t\t\t\t<div class=\"elementor-widget-container\">\n\t\t\t\t\t<h4 class=\"elementor-heading-title elementor-size-default\">www.sanusdental.sk<\/h4>\t\t\t\t<\/div>\n\t\t\t\t<\/div>\n\t\t\t\t<div class=\"elementor-element elementor-element-903de92 elementor-align-center elementor-mobile-align-center elementor-widget elementor-widget-button\" data-id=\"903de92\" data-element_type=\"widget\" data-widget_type=\"button.default\">\n\t\t\t\t<div class=\"elementor-widget-container\">\n\t\t\t\t\t\t\t\t\t<div class=\"elementor-button-wrapper\">\n\t\t\t\t\t<a class=\"elementor-button elementor-button-link elementor-size-sm\" href=\"https:\/\/sanusdental.sk\" rel=\"nofollow\">\n\t\t\t\t\t\t<span class=\"elementor-button-content-wrapper\">\n\t\t\t\t\t\t<span class=\"elementor-button-icon\">\n\t\t\t\t<i aria-hidden=\"true\" class=\"fas fa-angle-right\"><\/i>\t\t\t<\/span>\n\t\t\t\t\t\t\t\t\t<span class=\"elementor-button-text\">Nav\u0161t\u00edvi\u0165<\/span>\n\t\t\t\t\t<\/span>\n\t\t\t\t\t<\/a>\n\t\t\t\t<\/div>\n\t\t\t\t\t\t\t\t<\/div>\n\t\t\t\t<\/div>\n\t\t\t\t\t<\/div>\n\t\t<\/div>\n\t\t\t\t\t<\/div>\n\t\t<\/section>\n\t\t\t\t<section class=\"elementor-section elementor-top-section elementor-element elementor-element-220e505 elementor-section-boxed elementor-section-height-default elementor-section-height-default\" data-id=\"220e505\" data-element_type=\"section\">\n\t\t\t\t\t\t<div class=\"elementor-container elementor-column-gap-default\">\n\t\t\t\t\t<div data-dce-background-color=\"#F1F4FB\" class=\"elementor-column elementor-col-100 elementor-top-column elementor-element elementor-element-66e7208\" data-id=\"66e7208\" data-element_type=\"column\" data-settings=\"{&quot;background_background&quot;:&quot;classic&quot;}\">\n\t\t\t<div class=\"elementor-widget-wrap elementor-element-populated\">\n\t\t\t\t\t\t<div class=\"elementor-element elementor-element-945e27e dce_masking-none elementor-widget elementor-widget-image\" data-id=\"945e27e\" data-element_type=\"widget\" data-widget_type=\"image.default\">\n\t\t\t\t<div class=\"elementor-widget-container\">\n\t\t\t\t\t\t\t\t\t\t\t\t\t\t\t<img loading=\"lazy\" decoding=\"async\" width=\"780\" height=\"284\" src=\"https:\/\/smartcontact.sk\/wp-content\/uploads\/2023\/02\/Group-64.webp\" class=\"attachment-large size-large wp-image-1923\" alt=\"\" srcset=\"https:\/\/smartcontact.sk\/wp-content\/uploads\/2023\/02\/Group-64.webp 780w, https:\/\/smartcontact.sk\/wp-content\/uploads\/2023\/02\/Group-64-300x109.webp 300w, https:\/\/smartcontact.sk\/wp-content\/uploads\/2023\/02\/Group-64-768x280.webp 768w\" sizes=\"(max-width: 780px) 100vw, 780px\" \/>\t\t\t\t\t\t\t\t\t\t\t\t\t\t\t<\/div>\n\t\t\t\t<\/div>\n\t\t\t\t<div class=\"elementor-element elementor-element-67ef2cb elementor-widget elementor-widget-heading\" data-id=\"67ef2cb\" data-element_type=\"widget\" data-widget_type=\"heading.default\">\n\t\t\t\t<div class=\"elementor-widget-container\">\n\t\t\t\t\t<h4 class=\"elementor-heading-title elementor-size-default\">www.zubarskepotreby.sk<\/h4>\t\t\t\t<\/div>\n\t\t\t\t<\/div>\n\t\t\t\t<div class=\"elementor-element elementor-element-4c81f71 elementor-align-center elementor-mobile-align-center elementor-widget elementor-widget-button\" data-id=\"4c81f71\" data-element_type=\"widget\" data-widget_type=\"button.default\">\n\t\t\t\t<div class=\"elementor-widget-container\">\n\t\t\t\t\t\t\t\t\t<div class=\"elementor-button-wrapper\">\n\t\t\t\t\t<a class=\"elementor-button elementor-button-link elementor-size-sm\" href=\"https:\/\/zubarskepotreby.sk\" rel=\"nofollow\">\n\t\t\t\t\t\t<span class=\"elementor-button-content-wrapper\">\n\t\t\t\t\t\t<span class=\"elementor-button-icon\">\n\t\t\t\t<i aria-hidden=\"true\" class=\"fas fa-angle-right\"><\/i>\t\t\t<\/span>\n\t\t\t\t\t\t\t\t\t<span class=\"elementor-button-text\">Nav\u0161t\u00edvi\u0165<\/span>\n\t\t\t\t\t<\/span>\n\t\t\t\t\t<\/a>\n\t\t\t\t<\/div>\n\t\t\t\t\t\t\t\t<\/div>\n\t\t\t\t<\/div>\n\t\t\t\t\t<\/div>\n\t\t<\/div>\n\t\t\t\t\t<\/div>\n\t\t<\/section>\n\t\t\t\t<section data-dce-background-image-url=\"https:\/\/smartcontact.sk\/wp-content\/uploads\/2023\/02\/Untitled-1-copy-01.svg\" class=\"elementor-section elementor-top-section elementor-element elementor-element-28b82ed elementor-section-height-min-height elementor-section-items-top elementor-section-boxed elementor-section-height-default\" data-id=\"28b82ed\" data-element_type=\"section\" data-settings=\"{&quot;background_background&quot;:&quot;classic&quot;}\">\n\t\t\t\t\t\t<div class=\"elementor-container elementor-column-gap-default\">\n\t\t\t\t\t<div class=\"elementor-column elementor-col-100 elementor-top-column elementor-element elementor-element-17f0e1d\" data-id=\"17f0e1d\" data-element_type=\"column\">\n\t\t\t<div class=\"elementor-widget-wrap elementor-element-populated\">\n\t\t\t\t\t\t<div class=\"elementor-element elementor-element-6f9c66a dce_masking-none elementor-widget elementor-widget-image\" data-id=\"6f9c66a\" data-element_type=\"widget\" data-widget_type=\"image.default\">\n\t\t\t\t<div class=\"elementor-widget-container\">\n\t\t\t\t\t\t\t\t\t\t\t\t\t\t\t<img loading=\"lazy\" decoding=\"async\" width=\"800\" height=\"800\" src=\"https:\/\/smartcontact.sk\/wp-content\/uploads\/2023\/02\/Artwork-4-kopia.svg\" class=\"attachment-large size-large wp-image-1937\" alt=\"\" \/>\t\t\t\t\t\t\t\t\t\t\t\t\t\t\t<\/div>\n\t\t\t\t<\/div>\n\t\t\t\t<div class=\"elementor-element elementor-element-1995e2e elementor-widget elementor-widget-text-editor\" data-id=\"1995e2e\" data-element_type=\"widget\" data-widget_type=\"text-editor.default\">\n\t\t\t\t<div class=\"elementor-widget-container\">\n\t\t\t\t\t\t\t\t\t<p>SANUS \u2013 Miroslav Kasana<br \/>\u0160irok\u00e1 9, 949 05 Nitra<br \/>I\u010cO: 33709459<\/p>\t\t\t\t\t\t\t\t<\/div>\n\t\t\t\t<\/div>\n\t\t\t\t\t<\/div>\n\t\t<\/div>\n\t\t\t\t\t<\/div>\n\t\t<\/section>\n\t\t\t\t<\/div>","protected":false},"excerpt":{"rendered":"<p>Milo\u0161 Macko Farma chovu hospod\u00e1rskych zvierat a spracovanie reziva, recykl\u00e1cie plastov Zemiansky Vrbovok +421 910 535 535 sanus@drevofarmaplasty.sk www.sanusdental.sk SANUS \u2013 Miroslav Kasana \u0160irok\u00e1 9, 949 05 Nitra Zavola\u0165 Posla\u0165 email Prida\u0165 do kontaktov www.sanusdental.sk Nav\u0161t\u00edvi\u0165 www.zubarskepotreby.sk Nav\u0161t\u00edvi\u0165 SANUS \u2013 Miroslav Kasana \u0160irok\u00e1 9, 949 05 Nitra I\u010cO: 33709459<\/p>","protected":false},"author":1,"featured_media":0,"parent":0,"menu_order":0,"comment_status":"closed","ping_status":"closed","template":"","meta":{"_acf_changed":false,"inline_featured_image":false,"footnotes":""},"class_list":["post-2030","page","type-page","status-publish","hentry"],"acf":[],"_links":{"self":[{"href":"https:\/\/smartcontact.sk\/en\/wp-json\/wp\/v2\/pages\/2030","targetHints":{"allow":["GET"]}}],"collection":[{"href":"https:\/\/smartcontact.sk\/en\/wp-json\/wp\/v2\/pages"}],"about":[{"href":"https:\/\/smartcontact.sk\/en\/wp-json\/wp\/v2\/types\/page"}],"author":[{"embeddable":true,"href":"https:\/\/smartcontact.sk\/en\/wp-json\/wp\/v2\/users\/1"}],"replies":[{"embeddable":true,"href":"https:\/\/smartcontact.sk\/en\/wp-json\/wp\/v2\/comments?post=2030"}],"version-history":[{"count":47,"href":"https:\/\/smartcontact.sk\/en\/wp-json\/wp\/v2\/pages\/2030\/revisions"}],"predecessor-version":[{"id":2142,"href":"https:\/\/smartcontact.sk\/en\/wp-json\/wp\/v2\/pages\/2030\/revisions\/2142"}],"wp:attachment":[{"href":"https:\/\/smartcontact.sk\/en\/wp-json\/wp\/v2\/media?parent=2030"}],"curies":[{"name":"wp","href":"https:\/\/api.w.org\/{rel}","templated":true}]}}