{"id":2540,"date":"2024-02-28T09:48:13","date_gmt":"2024-02-28T09:48:13","guid":{"rendered":"https:\/\/smartcontact.sk\/?page_id=2540"},"modified":"2025-07-03T17:45:31","modified_gmt":"2025-07-03T15:45:31","slug":"logout","status":"publish","type":"page","link":"https:\/\/smartcontact.sk\/en\/logout\/","title":{"rendered":"logout"},"content":{"rendered":"<div data-elementor-type=\"wp-page\" data-elementor-id=\"2540\" class=\"elementor elementor-2540\" data-elementor-post-type=\"page\">\n\t\t\t\t\t\t<section data-dce-background-image-url=\"https:\/\/smartcontact.sk\/wp-content\/uploads\/2024\/02\/Artboard-15@3x.webp\" class=\"elementor-section elementor-top-section elementor-element elementor-element-1798ab1 elementor-section-height-min-height elementor-section-content-middle elementor-section-boxed elementor-section-height-default elementor-section-items-middle\" data-id=\"1798ab1\" data-element_type=\"section\" data-settings=\"{&quot;background_background&quot;:&quot;classic&quot;}\">\n\t\t\t\t\t\t<div class=\"elementor-container elementor-column-gap-default\">\n\t\t\t\t\t<div class=\"elementor-column elementor-col-100 elementor-top-column elementor-element elementor-element-d9ca0d7\" data-id=\"d9ca0d7\" data-element_type=\"column\">\n\t\t\t<div class=\"elementor-widget-wrap elementor-element-populated\">\n\t\t\t\t\t\t<div class=\"elementor-element elementor-element-c7681c0 dce_masking-none elementor-widget elementor-widget-image\" data-id=\"c7681c0\" data-element_type=\"widget\" data-widget_type=\"image.default\">\n\t\t\t\t<div class=\"elementor-widget-container\">\n\t\t\t\t\t\t\t\t\t\t\t\t\t\t\t<img fetchpriority=\"high\" decoding=\"async\" width=\"800\" height=\"800\" src=\"https:\/\/smartcontact.sk\/wp-content\/uploads\/2024\/04\/logosmartcontact.svg\" class=\"attachment-large size-large wp-image-4238\" alt=\"logo Smartcontact Digit\u00e1lne NFC vizitky\" \/>\t\t\t\t\t\t\t\t\t\t\t\t\t\t\t<\/div>\n\t\t\t\t<\/div>\n\t\t\t\t<div class=\"elementor-element elementor-element-e724e8c elementor-widget elementor-widget-heading\" data-id=\"e724e8c\" data-element_type=\"widget\" data-widget_type=\"heading.default\">\n\t\t\t\t<div class=\"elementor-widget-container\">\n\t\t\t\t\t<h2 class=\"elementor-heading-title elementor-size-default\">Odhl\u00e1senie prebehlo \u00faspe\u0161ne.<\/h2>\t\t\t\t<\/div>\n\t\t\t\t<\/div>\n\t\t\t\t<div class=\"elementor-element elementor-element-bec242a elementor-align-center elementor-widget elementor-widget-button\" data-id=\"bec242a\" data-element_type=\"widget\" data-widget_type=\"button.default\">\n\t\t\t\t<div class=\"elementor-widget-container\">\n\t\t\t\t\t\t\t\t\t<div class=\"elementor-button-wrapper\">\n\t\t\t\t\t<a class=\"elementor-button elementor-button-link elementor-size-sm\" href=\"https:\/\/smartcontact.sk\/en\/login\/\">\n\t\t\t\t\t\t<span class=\"elementor-button-content-wrapper\">\n\t\t\t\t\t\t\t\t\t<span class=\"elementor-button-text\">Znova prihl\u00e1si\u0165<\/span>\n\t\t\t\t\t<\/span>\n\t\t\t\t\t<\/a>\n\t\t\t\t<\/div>\n\t\t\t\t\t\t\t\t<\/div>\n\t\t\t\t<\/div>\n\t\t\t\t<div class=\"elementor-element elementor-element-228772f elementor-view-default elementor-position-top elementor-mobile-position-top elementor-widget elementor-widget-icon-box\" data-id=\"228772f\" data-element_type=\"widget\" id=\"error_element\" data-widget_type=\"icon-box.default\">\n\t\t\t\t<div class=\"elementor-widget-container\">\n\t\t\t\t\t\t\t<div class=\"elementor-icon-box-wrapper\">\n\n\t\t\t\t\t\t<div class=\"elementor-icon-box-icon\">\n\t\t\t\t<span  class=\"elementor-icon\">\n\t\t\t\t<i aria-hidden=\"true\" class=\"fas fa-meh\"><\/i>\t\t\t\t<\/span>\n\t\t\t<\/div>\n\t\t\t\n\t\t\t\t\t\t<div class=\"elementor-icon-box-content\">\n\n\t\t\t\t\t\t\t\t\t<h3 class=\"elementor-icon-box-title\">\n\t\t\t\t\t\t<span  >\n\t\t\t\t\t\t\tPrihlasovacie meno alebo heslo ste nezadali spr\u00e1vne. Sk\u00faste to pros\u00edm znova.\t\t\t\t\t\t<\/span>\n\t\t\t\t\t<\/h3>\n\t\t\t\t\n\t\t\t\t\t\t\t\t\t<p class=\"elementor-icon-box-description\">\n\t\t\t\t\t\tAk m\u00e1te probl\u00e9my s prihl\u00e1sen\u00edm, kontaktujte n\u00e1s pros\u00edm na info@smartcontact.sk.\t\t\t\t\t<\/p>\n\t\t\t\t\n\t\t\t<\/div>\n\t\t\t\n\t\t<\/div>\n\t\t\t\t\t\t<\/div>\n\t\t\t\t<\/div>\n\t\t\t\t\t<\/div>\n\t\t<\/div>\n\t\t\t\t\t<\/div>\n\t\t<\/section>\n\t\t\t\t<\/div>","protected":false},"excerpt":{"rendered":"<p>Odhl\u00e1senie prebehlo \u00faspe\u0161ne. Znova prihl\u00e1si\u0165 Prihlasovacie meno alebo heslo ste nezadali spr\u00e1vne. Sk\u00faste to pros\u00edm znova. Ak m\u00e1te probl\u00e9my s prihl\u00e1sen\u00edm, kontaktujte n\u00e1s pros\u00edm na info@smartcontact.sk.<\/p>","protected":false},"author":1,"featured_media":0,"parent":0,"menu_order":0,"comment_status":"closed","ping_status":"closed","template":"","meta":{"_acf_changed":false,"inline_featured_image":false,"footnotes":""},"class_list":["post-2540","page","type-page","status-publish","hentry"],"acf":[],"_links":{"self":[{"href":"https:\/\/smartcontact.sk\/en\/wp-json\/wp\/v2\/pages\/2540","targetHints":{"allow":["GET"]}}],"collection":[{"href":"https:\/\/smartcontact.sk\/en\/wp-json\/wp\/v2\/pages"}],"about":[{"href":"https:\/\/smartcontact.sk\/en\/wp-json\/wp\/v2\/types\/page"}],"author":[{"embeddable":true,"href":"https:\/\/smartcontact.sk\/en\/wp-json\/wp\/v2\/users\/1"}],"replies":[{"embeddable":true,"href":"https:\/\/smartcontact.sk\/en\/wp-json\/wp\/v2\/comments?post=2540"}],"version-history":[{"count":76,"href":"https:\/\/smartcontact.sk\/en\/wp-json\/wp\/v2\/pages\/2540\/revisions"}],"predecessor-version":[{"id":6017,"href":"https:\/\/smartcontact.sk\/en\/wp-json\/wp\/v2\/pages\/2540\/revisions\/6017"}],"wp:attachment":[{"href":"https:\/\/smartcontact.sk\/en\/wp-json\/wp\/v2\/media?parent=2540"}],"curies":[{"name":"wp","href":"https:\/\/api.w.org\/{rel}","templated":true}]}}