{"id":2688,"date":"2024-02-28T20:06:41","date_gmt":"2024-02-28T20:06:41","guid":{"rendered":"https:\/\/smartcontact.sk\/?page_id=2688"},"modified":"2025-07-03T17:50:54","modified_gmt":"2025-07-03T15:50:54","slug":"login","status":"publish","type":"page","link":"https:\/\/smartcontact.sk\/en\/login\/","title":{"rendered":"login"},"content":{"rendered":"\t\t<div data-elementor-type=\"wp-page\" data-elementor-id=\"2688\" class=\"elementor elementor-2688\" data-elementor-post-type=\"page\">\n\t\t\t\t<div data-dce-background-image-url=\"https:\/\/smartcontact.sk\/wp-content\/uploads\/2024\/02\/Artboard-15@3x.webp\" class=\"elementor-element elementor-element-4dc9ced e-flex e-con-boxed e-con e-parent\" data-id=\"4dc9ced\" data-element_type=\"container\" data-settings=\"{&quot;background_background&quot;:&quot;classic&quot;}\">\n\t\t\t\t\t<div class=\"e-con-inner\">\n\t\t<div class=\"elementor-element elementor-element-b37f3c6 e-con-full e-flex e-con e-child\" data-id=\"b37f3c6\" data-element_type=\"container\">\n\t\t\t\t<div class=\"elementor-element elementor-element-912f77a animated-slow dce_masking-none elementor-invisible elementor-widget elementor-widget-image\" data-id=\"912f77a\" data-element_type=\"widget\" data-settings=\"{&quot;_animation&quot;:&quot;fadeInUp&quot;}\" data-widget_type=\"image.default\">\n\t\t\t\t<div class=\"elementor-widget-container\">\n\t\t\t\t\t\t\t\t\t\t\t\t\t\t\t<img fetchpriority=\"high\" decoding=\"async\" width=\"800\" height=\"800\" src=\"https:\/\/smartcontact.sk\/wp-content\/uploads\/2024\/04\/logosmartcontact.svg\" class=\"attachment-large size-large wp-image-4238\" alt=\"logo Smartcontact Digit\u00e1lne NFC vizitky\" \/>\t\t\t\t\t\t\t\t\t\t\t\t\t\t\t<\/div>\n\t\t\t\t<\/div>\n\t\t\t\t<div class=\"elementor-element elementor-element-8e9e8a9 elementor-widget elementor-widget-heading\" data-id=\"8e9e8a9\" data-element_type=\"widget\" data-widget_type=\"heading.default\">\n\t\t\t\t<div class=\"elementor-widget-container\">\n\t\t\t\t\t<h2 class=\"elementor-heading-title elementor-size-default\">Vitajte v syst\u00e9me pre administr\u00e1ciu vizitiek<\/h2>\t\t\t\t<\/div>\n\t\t\t\t<\/div>\n\t\t\t\t<div class=\"elementor-element elementor-element-2eb1c55 elementor-widget__width-initial elementor-widget elementor-widget-text-editor\" data-id=\"2eb1c55\" data-element_type=\"widget\" data-widget_type=\"text-editor.default\">\n\t\t\t\t<div class=\"elementor-widget-container\">\n\t\t\t\t\t\t\t\t\t<p>Pre edit\u00e1ciu vizitiek sa pros\u00edm prihl\u00e1ste s va\u0161imi prihlasovac\u00edmi \u00fadajmi.\u00a0<\/p>\t\t\t\t\t\t\t\t<\/div>\n\t\t\t\t<\/div>\n\t\t\t\t<div class=\"elementor-element elementor-element-0f0caca elementor-widget elementor-widget-html\" data-id=\"0f0caca\" data-element_type=\"widget\" data-widget_type=\"html.default\">\n\t\t\t\t<div class=\"elementor-widget-container\">\n\t\t\t\t\t<script>\ndocument.addEventListener('DOMContentLoaded', function () {\n    const loginWidget = document.getElementById('elementor_login_form'); \/\/ Identifik\u00e1cia login widgetu pod\u013ea ID\n    if (loginWidget) {\n        const passwordField = loginWidget.querySelector('input[type=\"password\"]'); \/\/ N\u00e1jdeme pole hesla\n        if (passwordField) {\n            \/\/ Vytvorenie elementu \u201eo\u010dko\u201c\n            const togglePassword = document.createElement('span');\n            togglePassword.style.cursor = 'pointer';\n            togglePassword.style.position = 'absolute';\n            togglePassword.style.right = '10px';\n            togglePassword.style.top = '50%';\n            togglePassword.style.transform = 'translateY(-50%)';\n            togglePassword.innerHTML = '<i class=\"fa fa-eye\"><\/i>'; \/\/ Po\u010diato\u010dn\u00e1 ikonka\n\n            \/\/ Obalenie po\u013ea hesla a pripojenie \u201eo\u010dka\u201c\n            const wrapper = document.createElement('div');\n            wrapper.style.position = 'relative';\n            wrapper.style.display = 'inline-block';\n            wrapper.style.width = '100%';\n\n            passwordField.parentNode.insertBefore(wrapper, passwordField);\n            wrapper.appendChild(passwordField);\n            wrapper.appendChild(togglePassword);\n\n            \/\/ Pridanie funkcionality na zobrazenie\/skrytie hesla\n            togglePassword.addEventListener('click', function () {\n                const type = passwordField.getAttribute('type') === 'password' ? 'text' : 'password';\n                passwordField.setAttribute('type', type);\n                togglePassword.innerHTML = type === 'password' \n                    ? '<i class=\"fa fa-eye\"><\/i>' \n                    : '<i class=\"fa fa-eye-slash\"><\/i>'; \/\/ Prep\u00ednanie ikon\n            });\n        }\n    }\n});\n<\/script>\n\n\n\n\t\t\t\t<\/div>\n\t\t\t\t<\/div>\n\t\t\t\t<div class=\"elementor-element elementor-element-0900085 elementor-view-default elementor-position-top elementor-mobile-position-top elementor-widget elementor-widget-icon-box\" data-id=\"0900085\" data-element_type=\"widget\" id=\"error_element\" data-widget_type=\"icon-box.default\">\n\t\t\t\t<div class=\"elementor-widget-container\">\n\t\t\t\t\t\t\t<div class=\"elementor-icon-box-wrapper\">\n\n\t\t\t\t\t\t<div class=\"elementor-icon-box-icon\">\n\t\t\t\t<span  class=\"elementor-icon\">\n\t\t\t\t<i aria-hidden=\"true\" class=\"fas fa-meh\"><\/i>\t\t\t\t<\/span>\n\t\t\t<\/div>\n\t\t\t\n\t\t\t\t\t\t<div class=\"elementor-icon-box-content\">\n\n\t\t\t\t\t\t\t\t\t<h3 class=\"elementor-icon-box-title\">\n\t\t\t\t\t\t<span  >\n\t\t\t\t\t\t\tPrihlasovacie meno alebo heslo ste nezadali spr\u00e1vne. Sk\u00faste to pros\u00edm znova.\t\t\t\t\t\t<\/span>\n\t\t\t\t\t<\/h3>\n\t\t\t\t\n\t\t\t\t\t\t\t\t\t<p class=\"elementor-icon-box-description\">\n\t\t\t\t\t\tAk m\u00e1te probl\u00e9my s prihl\u00e1sen\u00edm, kontaktujte n\u00e1s pros\u00edm na info@smartcontact.sk.\t\t\t\t\t<\/p>\n\t\t\t\t\n\t\t\t<\/div>\n\t\t\t\n\t\t<\/div>\n\t\t\t\t\t\t<\/div>\n\t\t\t\t<\/div>\n\t\t\t\t<div class=\"elementor-element elementor-element-c8ad511 elementor-widget elementor-widget-shortcode\" data-id=\"c8ad511\" data-element_type=\"widget\" data-widget_type=\"shortcode.default\">\n\t\t\t\t<div class=\"elementor-widget-container\">\n\t\t\t\t\t\t\t<div class=\"elementor-shortcode\"><\/div>\n\t\t\t\t\t\t<\/div>\n\t\t\t\t<\/div>\n\t\t\t\t<div class=\"elementor-element elementor-element-3689844 elementor-button-align-stretch elementor-widget__width-initial elementor-widget elementor-widget-login\" data-id=\"3689844\" data-element_type=\"widget\" id=\"elementor_login_form\" data-widget_type=\"login.default\">\n\t\t\t\t<div class=\"elementor-widget-container\">\n\t\t\t\t\t<div class=\"dce-transforms\"><div class=\"dce-transforms-wrap\">\t\t<form class=\"elementor-login elementor-form\" method=\"post\" action=\"https:\/\/smartcontact.sk\/en\/spravawebu\/\" aria-label=\"Login form\">\n\t\t\t<input type=\"hidden\" name=\"redirect_to\" value=\"https:\/\/smartcontact.sk\/listing\">\n\t\t\t<div class=\"elementor-form-fields-wrapper\">\n\t\t\t\t<div class=\"elementor-field-type-text elementor-field-group elementor-column elementor-col-100 elementor-field-required\">\n\t\t\t\t\t<label for=\"user-3689844\" class=\"elementor-field-label\">Meno:<\/label>\n\t\t\t\t\t<input size=\"1\" type=\"text\" name=\"log\" id=\"user-3689844\" placeholder=\"Zadajte pou\u017e\u00edvate\u013esk\u00e9 meno\" class=\"elementor-field elementor-field-textual elementor-size-md\">\n\t\t\t\t<\/div>\n\t\t\t\t<div class=\"elementor-field-type-text elementor-field-group elementor-column elementor-col-100 elementor-field-required\">\n\t\t\t\t\t<label for=\"password-3689844\" class=\"elementor-field-label\">Heslo:<\/label>\n\t\t\t\t\t<input size=\"1\" type=\"password\" name=\"pwd\" id=\"password-3689844\" placeholder=\"Zadajte va\u0161e heslo\" class=\"elementor-field elementor-field-textual elementor-size-md\">\n\t\t\t\t<\/div>\n\n\t\t\t\t\n\t\t\t\t<div class=\"elementor-field-group elementor-column elementor-field-type-submit elementor-col-100\">\n\t\t\t\t\t<button type=\"submit\" class=\"elementor-size-sm elementor-button\" name=\"wp-submit\">\n\t\t\t\t\t\t\t\t\t\t\t\t\t\t\t<span class=\"elementor-button-text\">Prihl\u00e1si\u0165 sa <i class=\"fas fa-angle-right\"><\/i><\/span>\n\t\t\t\t\t\t\t\t\t\t\t\t<\/button>\n\t\t\t\t<\/div>\n\n\t\t\t\t\t\t\t<\/div>\n\t\t<\/form>\n\t\t<\/div><\/div>\t\t\t\t<\/div>\n\t\t\t\t<\/div>\n\t\t\t\t<\/div>\n\t\t\t\t\t<\/div>\n\t\t\t\t<\/div>\n\t\t\t\t<\/div>\n\t\t","protected":false},"excerpt":{"rendered":"<p>Vitajte v syst\u00e9me pre administr\u00e1ciu vizitiek Pre edit\u00e1ciu vizitiek sa pros\u00edm prihl\u00e1ste s va\u0161imi prihlasovac\u00edmi \u00fadajmi.\u00a0 Prihlasovacie meno alebo heslo ste nezadali spr\u00e1vne. Sk\u00faste to pros\u00edm znova. Ak m\u00e1te probl\u00e9my s prihl\u00e1sen\u00edm, kontaktujte n\u00e1s pros\u00edm na info@smartcontact.sk.<\/p>","protected":false},"author":1,"featured_media":0,"parent":0,"menu_order":0,"comment_status":"closed","ping_status":"closed","template":"","meta":{"_acf_changed":false,"inline_featured_image":false,"footnotes":""},"class_list":["post-2688","page","type-page","status-publish","hentry"],"acf":[],"_links":{"self":[{"href":"https:\/\/smartcontact.sk\/en\/wp-json\/wp\/v2\/pages\/2688","targetHints":{"allow":["GET"]}}],"collection":[{"href":"https:\/\/smartcontact.sk\/en\/wp-json\/wp\/v2\/pages"}],"about":[{"href":"https:\/\/smartcontact.sk\/en\/wp-json\/wp\/v2\/types\/page"}],"author":[{"embeddable":true,"href":"https:\/\/smartcontact.sk\/en\/wp-json\/wp\/v2\/users\/1"}],"replies":[{"embeddable":true,"href":"https:\/\/smartcontact.sk\/en\/wp-json\/wp\/v2\/comments?post=2688"}],"version-history":[{"count":191,"href":"https:\/\/smartcontact.sk\/en\/wp-json\/wp\/v2\/pages\/2688\/revisions"}],"predecessor-version":[{"id":6027,"href":"https:\/\/smartcontact.sk\/en\/wp-json\/wp\/v2\/pages\/2688\/revisions\/6027"}],"wp:attachment":[{"href":"https:\/\/smartcontact.sk\/en\/wp-json\/wp\/v2\/media?parent=2688"}],"curies":[{"name":"wp","href":"https:\/\/api.w.org\/{rel}","templated":true}]}}