{"id":7128,"date":"2026-03-22T21:36:12","date_gmt":"2026-03-22T19:36:12","guid":{"rendered":"https:\/\/smartcontact.sk\/?page_id=7128"},"modified":"2026-03-23T00:07:22","modified_gmt":"2026-03-22T22:07:22","slug":"smartcontact","status":"publish","type":"page","link":"https:\/\/smartcontact.sk\/en\/smartcontact\/","title":{"rendered":"smartcontact"},"content":{"rendered":"<div data-elementor-type=\"wp-page\" data-elementor-id=\"7128\" class=\"elementor elementor-7128\" data-elementor-post-type=\"page\">\n\t\t\t\t<div class=\"elementor-element elementor-element-f976b32 e-flex e-con-boxed e-con e-parent\" data-id=\"f976b32\" data-element_type=\"container\" data-settings=\"{&quot;background_background&quot;:&quot;classic&quot;}\">\n\t\t\t\t\t<div class=\"e-con-inner\">\n\t\t<div class=\"elementor-element elementor-element-db248f8 e-con-full e-flex e-con e-child\" data-id=\"db248f8\" data-element_type=\"container\">\n\t\t\t\t<div class=\"elementor-element elementor-element-6e6dfdc dce_masking-none elementor-widget elementor-widget-image\" data-id=\"6e6dfdc\" data-element_type=\"widget\" data-widget_type=\"image.default\">\n\t\t\t\t<div class=\"elementor-widget-container\">\n\t\t\t\t\t\t\t\t\t\t\t\t\t\t\t<img fetchpriority=\"high\" decoding=\"async\" width=\"800\" height=\"800\" src=\"https:\/\/smartcontact.sk\/wp-content\/uploads\/2024\/04\/logo-v2.svg\" class=\"attachment-large size-large wp-image-4236\" alt=\"logo Smartcontact.sk Digit\u00e1lne NFC vizitky\" \/>\t\t\t\t\t\t\t\t\t\t\t\t\t\t\t<\/div>\n\t\t\t\t<\/div>\n\t\t\t\t<div class=\"elementor-element elementor-element-1f6137e dce_masking-none elementor-widget elementor-widget-image\" data-id=\"1f6137e\" data-element_type=\"widget\" data-widget_type=\"image.default\">\n\t\t\t\t<div class=\"elementor-widget-container\">\n\t\t\t\t\t\t\t\t\t\t\t\t\t\t\t<img decoding=\"async\" width=\"800\" height=\"800\" src=\"https:\/\/smartcontact.sk\/wp-content\/uploads\/2024\/10\/logowebtop.svg\" class=\"attachment-large size-large wp-image-4966\" alt=\"\" \/>\t\t\t\t\t\t\t\t\t\t\t\t\t\t\t<\/div>\n\t\t\t\t<\/div>\n\t\t\t\t<\/div>\n\t\t<div data-dce-background-image-url=\"https:\/\/smartcontact.sk\/wp-content\/uploads\/2024\/02\/bg1.webp\" class=\"elementor-element elementor-element-79b85fb e-con-full e-flex e-con e-child\" data-id=\"79b85fb\" data-element_type=\"container\" data-settings=\"{&quot;background_background&quot;:&quot;classic&quot;}\">\n\t\t<div class=\"elementor-element elementor-element-dd745fa e-con-full e-flex e-con e-child\" data-id=\"dd745fa\" data-element_type=\"container\">\n\t\t\t\t<div class=\"elementor-element elementor-element-3b1b13b elementor-widget elementor-widget-heading\" data-id=\"3b1b13b\" data-element_type=\"widget\" data-widget_type=\"heading.default\">\n\t\t\t\t<div class=\"elementor-widget-container\">\n\t\t\t\t\t<h1 class=\"elementor-heading-title elementor-size-default\">Filip Jenei<\/h1>\t\t\t\t<\/div>\n\t\t\t\t<\/div>\n\t\t\t\t<div class=\"elementor-element elementor-element-d9ba551 elementor-widget elementor-widget-heading\" data-id=\"d9ba551\" data-element_type=\"widget\" data-widget_type=\"heading.default\">\n\t\t\t\t<div class=\"elementor-widget-container\">\n\t\t\t\t\t<p class=\"elementor-heading-title elementor-size-default\"><a href=\"tel:+421911828646\">+421 911 828 646<\/a><\/p>\t\t\t\t<\/div>\n\t\t\t\t<\/div>\n\t\t\t\t<div class=\"elementor-element elementor-element-21dc651 elementor-widget elementor-widget-heading\" data-id=\"21dc651\" data-element_type=\"widget\" data-widget_type=\"heading.default\">\n\t\t\t\t<div class=\"elementor-widget-container\">\n\t\t\t\t\t<p class=\"elementor-heading-title elementor-size-default\"><a href=\"mailto:info@smartcontact.sk\">info@smartcontact.sk<\/a><\/p>\t\t\t\t<\/div>\n\t\t\t\t<\/div>\n\t\t\t\t<div class=\"elementor-element elementor-element-f47d27a elementor-widget elementor-widget-heading\" data-id=\"f47d27a\" data-element_type=\"widget\" data-widget_type=\"heading.default\">\n\t\t\t\t<div class=\"elementor-widget-container\">\n\t\t\t\t\t<p class=\"elementor-heading-title elementor-size-default\"><a href=\"https:\/\/smartcontact.sk\/en\/\">www.smartcontact.sk<\/a><\/p>\t\t\t\t<\/div>\n\t\t\t\t<\/div>\n\t\t\t\t<div class=\"elementor-element elementor-element-03dbe87 elementor-widget elementor-widget-heading\" data-id=\"03dbe87\" data-element_type=\"widget\" data-widget_type=\"heading.default\">\n\t\t\t\t<div class=\"elementor-widget-container\">\n\t\t\t\t\t<p class=\"elementor-heading-title elementor-size-default\"><a href=\"https:\/\/webtop.sk\/\">www.webtop.sk<\/a><\/p>\t\t\t\t<\/div>\n\t\t\t\t<\/div>\n\t\t\t\t<\/div>\n\t\t\t\t<\/div>\n\t\t\t\t\t<\/div>\n\t\t\t\t<\/div>\n\t\t<div class=\"elementor-element elementor-element-197fffa e-flex e-con-boxed e-con e-parent\" data-id=\"197fffa\" data-element_type=\"container\">\n\t\t\t\t\t<div class=\"e-con-inner\">\n\t\t<div class=\"elementor-element elementor-element-f984d7a e-con-full e-flex e-con e-child\" data-id=\"f984d7a\" data-element_type=\"container\">\n\t\t\t\t<div class=\"elementor-element elementor-element-13bfdbe dce_masking-none elementor-position-top elementor-widget elementor-widget-image-box\" data-id=\"13bfdbe\" data-element_type=\"widget\" data-widget_type=\"image-box.default\">\n\t\t\t\t<div class=\"elementor-widget-container\">\n\t\t\t\t\t<div class=\"elementor-image-box-wrapper\"><figure class=\"elementor-image-box-img\"><a href=\"tel:+421911828646\" rel=\"nofollow\" tabindex=\"-1\"><img decoding=\"async\" width=\"191\" height=\"197\" src=\"https:\/\/smartcontact.sk\/wp-content\/uploads\/2024\/02\/01.png\" class=\"elementor-animation-grow attachment-full size-full wp-image-2594\" alt=\"\" \/><\/a><\/figure><div class=\"elementor-image-box-content\"><div class=\"elementor-image-box-title\"><a href=\"tel:+421911828646\" rel=\"nofollow\">Zavola\u0165<\/a><\/div><\/div><\/div>\t\t\t\t<\/div>\n\t\t\t\t<\/div>\n\t\t\t\t<\/div>\n\t\t<div class=\"elementor-element elementor-element-611ea8f e-con-full e-flex e-con e-child\" data-id=\"611ea8f\" data-element_type=\"container\">\n\t\t\t\t<div class=\"elementor-element elementor-element-14fa81e dce_masking-none elementor-position-top elementor-widget elementor-widget-image-box\" data-id=\"14fa81e\" data-element_type=\"widget\" data-widget_type=\"image-box.default\">\n\t\t\t\t<div class=\"elementor-widget-container\">\n\t\t\t\t\t<div class=\"elementor-image-box-wrapper\"><figure class=\"elementor-image-box-img\"><a href=\"mailto:info@smartcontact.sk\" rel=\"nofollow\" tabindex=\"-1\"><img loading=\"lazy\" decoding=\"async\" width=\"191\" height=\"197\" src=\"https:\/\/smartcontact.sk\/wp-content\/uploads\/2024\/02\/02.png\" class=\"elementor-animation-grow attachment-full size-full wp-image-2595\" alt=\"\" \/><\/a><\/figure><div class=\"elementor-image-box-content\"><div class=\"elementor-image-box-title\"><a href=\"mailto:info@smartcontact.sk\" rel=\"nofollow\">Posla\u0165 email<\/a><\/div><\/div><\/div>\t\t\t\t<\/div>\n\t\t\t\t<\/div>\n\t\t\t\t<\/div>\n\t\t<div class=\"elementor-element elementor-element-8a9c35d e-con-full e-flex e-con e-child\" data-id=\"8a9c35d\" data-element_type=\"container\">\n\t\t\t\t<div class=\"elementor-element elementor-element-e5794f0 dce_masking-none elementor-position-top elementor-widget elementor-widget-image-box\" data-id=\"e5794f0\" data-element_type=\"widget\" data-widget_type=\"image-box.default\">\n\t\t\t\t<div class=\"elementor-widget-container\">\n\t\t\t\t\t<div class=\"elementor-image-box-wrapper\"><figure class=\"elementor-image-box-img\"><a href=\"https:\/\/smartcontact.sk\/wp-json\/custom\/v1\/generate-vcf-smartcontact\" target=\"_blank\" rel=\"nofollow\" tabindex=\"-1\"><img loading=\"lazy\" decoding=\"async\" width=\"191\" height=\"197\" src=\"https:\/\/smartcontact.sk\/wp-content\/uploads\/2026\/03\/04.png\" class=\"elementor-animation-grow attachment-full size-full wp-image-7176\" alt=\"\" srcset=\"https:\/\/smartcontact.sk\/wp-content\/uploads\/2026\/03\/04.png 191w, https:\/\/smartcontact.sk\/wp-content\/uploads\/2026\/03\/04-12x12.png 12w\" sizes=\"(max-width: 191px) 100vw, 191px\" \/><\/a><\/figure><div class=\"elementor-image-box-content\"><div class=\"elementor-image-box-title\"><a href=\"https:\/\/smartcontact.sk\/wp-json\/custom\/v1\/generate-vcf-smartcontact\" target=\"_blank\" rel=\"nofollow\">Prida\u0165 do kontaktov<\/a><\/div><\/div><\/div>\t\t\t\t<\/div>\n\t\t\t\t<\/div>\n\t\t\t\t<\/div>\n\t\t\t\t\t<\/div>\n\t\t\t\t<\/div>\n\t\t<div class=\"elementor-element elementor-element-b955875 e-flex e-con-boxed e-con e-parent\" data-id=\"b955875\" data-element_type=\"container\">\n\t\t\t\t\t<div class=\"e-con-inner\">\n\t\t<div data-dce-background-overlay-color=\"#000000\" class=\"elementor-element elementor-element-6cd81ac e-con-full e-flex e-con e-child\" data-id=\"6cd81ac\" data-element_type=\"container\" data-settings=\"{&quot;background_background&quot;:&quot;video&quot;,&quot;background_video_link&quot;:&quot;https:\\\/\\\/smartcontact.sk\\\/wp-content\\\/uploads\\\/2024\\\/04\\\/novevideo.mp4&quot;,&quot;background_play_on_mobile&quot;:&quot;yes&quot;}\">\n\t\t<div class=\"elementor-background-video-container\" aria-hidden=\"true\">\n\t\t\t\t\t\t\t<video class=\"elementor-background-video-hosted\" autoplay muted playsinline loop><\/video>\n\t\t\t\t\t<\/div>\t\t<div class=\"elementor-element elementor-element-e2e67af elementor-widget elementor-widget-heading\" data-id=\"e2e67af\" data-element_type=\"widget\" data-widget_type=\"heading.default\">\n\t\t\t\t<div class=\"elementor-widget-container\">\n\t\t\t\t\t<div class=\"elementor-heading-title elementor-size-default\">Share your contact details better<\/div>\t\t\t\t<\/div>\n\t\t\t\t<\/div>\n\t\t\t\t<div class=\"elementor-element elementor-element-58fa373 elementor-widget-mobile__width-inherit elementor-widget elementor-widget-heading\" data-id=\"58fa373\" data-element_type=\"widget\" data-widget_type=\"heading.default\">\n\t\t\t\t<div class=\"elementor-widget-container\">\n\t\t\t\t\t<h4 class=\"elementor-heading-title elementor-size-default\"><a href=\"https:\/\/smartcontact.sk\/en\/\" rel=\"nofollow\">www.smartcontact.sk<\/a><\/h4>\t\t\t\t<\/div>\n\t\t\t\t<\/div>\n\t\t\t\t<div class=\"elementor-element elementor-element-66e35c0 elementor-align-center elementor-mobile-align-center elementor-widget-mobile__width-inherit elementor-widget elementor-widget-button\" data-id=\"66e35c0\" data-element_type=\"widget\" data-widget_type=\"button.default\">\n\t\t\t\t<div class=\"elementor-widget-container\">\n\t\t\t\t\t\t\t\t\t<div class=\"elementor-button-wrapper\">\n\t\t\t\t\t<a class=\"elementor-button elementor-button-link elementor-size-sm elementor-animation-grow\" href=\"https:\/\/smartcontact.sk\/en\/\" rel=\"nofollow\">\n\t\t\t\t\t\t<span class=\"elementor-button-content-wrapper\">\n\t\t\t\t\t\t<span class=\"elementor-button-icon\">\n\t\t\t\t<i aria-hidden=\"true\" class=\"fas fa-angle-right\"><\/i>\t\t\t<\/span>\n\t\t\t\t\t\t\t\t\t<span class=\"elementor-button-text\">Nav\u0161t\u00edvi\u0165<\/span>\n\t\t\t\t\t<\/span>\n\t\t\t\t\t<\/a>\n\t\t\t\t<\/div>\n\t\t\t\t\t\t\t\t<\/div>\n\t\t\t\t<\/div>\n\t\t\t\t<\/div>\n\t\t\t\t\t<\/div>\n\t\t\t\t<\/div>\n\t\t<div class=\"elementor-element elementor-element-384e7f1 e-flex e-con-boxed e-con e-parent\" data-id=\"384e7f1\" data-element_type=\"container\">\n\t\t\t\t\t<div class=\"e-con-inner\">\n\t\t\t\t<div class=\"elementor-element elementor-element-e779f7b elementor-widget-divider--view-line_text elementor-widget-divider--element-align-center elementor-widget elementor-widget-divider\" data-id=\"e779f7b\" data-element_type=\"widget\" data-widget_type=\"divider.default\">\n\t\t\t\t<div class=\"elementor-widget-container\">\n\t\t\t\t\t\t\t<div class=\"elementor-divider\">\n\t\t\t<span class=\"elementor-divider-separator\">\n\t\t\t\t\t\t\t<span class=\"elementor-divider__text elementor-divider__element\">\n\t\t\t\tSoci\u00e1lne siete\t\t\t\t<\/span>\n\t\t\t\t\t\t<\/span>\n\t\t<\/div>\n\t\t\t\t\t\t<\/div>\n\t\t\t\t<\/div>\n\t\t\t\t<div class=\"elementor-element elementor-element-3d78ceb dce_masking-none elementor-position-top elementor-widget elementor-widget-image-box\" data-id=\"3d78ceb\" data-element_type=\"widget\" data-widget_type=\"image-box.default\">\n\t\t\t\t<div class=\"elementor-widget-container\">\n\t\t\t\t\t<div class=\"elementor-image-box-wrapper\"><figure class=\"elementor-image-box-img\"><a href=\"https:\/\/www.linkedin.com\/in\/filip-jenei\/\" rel=\"nofollow\" tabindex=\"-1\"><img loading=\"lazy\" decoding=\"async\" width=\"70\" height=\"70\" src=\"https:\/\/smartcontact.sk\/wp-content\/uploads\/2025\/10\/Artboard-31-copy-5-1.svg\" class=\"elementor-animation-grow attachment-full size-full wp-image-6349\" alt=\"\" \/><\/a><\/figure><div class=\"elementor-image-box-content\"><h3 class=\"elementor-image-box-title\"><a href=\"https:\/\/www.linkedin.com\/in\/filip-jenei\/\" rel=\"nofollow\">Filip Jenei<\/a><\/h3><\/div><\/div>\t\t\t\t<\/div>\n\t\t\t\t<\/div>\n\t\t\t\t\t<\/div>\n\t\t\t\t<\/div>\n\t\t<div class=\"elementor-element elementor-element-5b6ddb1 e-flex e-con-boxed e-con e-parent\" data-id=\"5b6ddb1\" data-element_type=\"container\" data-settings=\"{&quot;background_background&quot;:&quot;classic&quot;}\">\n\t\t\t\t\t<div class=\"e-con-inner\">\n\t\t<div class=\"elementor-element elementor-element-8185f61 e-con-full e-flex e-con e-child\" data-id=\"8185f61\" data-element_type=\"container\" data-settings=\"{&quot;background_background&quot;:&quot;classic&quot;}\">\n\t\t<div class=\"elementor-element elementor-element-8d1e572 e-con-full e-flex e-con e-child\" data-id=\"8d1e572\" data-element_type=\"container\">\n\t\t<div class=\"elementor-element elementor-element-62ff899 e-con-full e-flex e-con e-child\" data-id=\"62ff899\" data-element_type=\"container\">\n\t\t\t\t<div class=\"elementor-element elementor-element-3f23b20 dce_masking-none elementor-widget elementor-widget-image\" data-id=\"3f23b20\" data-element_type=\"widget\" data-widget_type=\"image.default\">\n\t\t\t\t<div class=\"elementor-widget-container\">\n\t\t\t\t\t\t\t\t\t\t\t\t\t\t\t<img loading=\"lazy\" decoding=\"async\" width=\"800\" height=\"800\" src=\"https:\/\/smartcontact.sk\/wp-content\/uploads\/2024\/10\/webtopwhite.svg\" class=\"attachment-large size-large wp-image-4971\" alt=\"\" \/>\t\t\t\t\t\t\t\t\t\t\t\t\t\t\t<\/div>\n\t\t\t\t<\/div>\n\t\t\t\t<\/div>\n\t\t<div class=\"elementor-element elementor-element-8d65c0d e-con-full e-flex e-con e-child\" data-id=\"8d65c0d\" data-element_type=\"container\">\n\t\t\t\t<div class=\"elementor-element elementor-element-6579d78 elementor-widget elementor-widget-text-editor\" data-id=\"6579d78\" data-element_type=\"widget\" data-widget_type=\"text-editor.default\">\n\t\t\t\t<div class=\"elementor-widget-container\">\n\t\t\t\t\t\t\t\t\t<p><strong>Filip Jenei \u2013 WEBTOP<\/strong><br \/><strong>I\u010cO:<\/strong> 50178628<br \/><strong>I\u010c DPH:<\/strong> SK1079073765 \u00a77a<\/p>\t\t\t\t\t\t\t\t<\/div>\n\t\t\t\t<\/div>\n\t\t\t\t<\/div>\n\t\t\t\t<\/div>\n\t\t\t\t<\/div>\n\t\t\t\t\t<\/div>\n\t\t\t\t<\/div>\n\t\t\t\t<\/div>","protected":false},"excerpt":{"rendered":"<p>Filip Jenei +421 911 828 646 info@smartcontact.sk www.smartcontact.sk www.webtop.sk Zavola\u0165 Posla\u0165 email Prida\u0165 do kontaktov Zdie\u013eajte svoje kontaktn\u00e9 \u00fadaje lep\u0161ie www.smartcontact.sk Nav\u0161t\u00edvi\u0165 Soci\u00e1lne siete Filip Jenei Filip Jenei \u2013 WEBTOPI\u010cO: 50178628I\u010c DPH: SK1079073765 \u00a77a<\/p>","protected":false},"author":1,"featured_media":0,"parent":0,"menu_order":0,"comment_status":"closed","ping_status":"closed","template":"","meta":{"_acf_changed":false,"inline_featured_image":false,"footnotes":""},"class_list":["post-7128","page","type-page","status-publish","hentry"],"acf":[],"_links":{"self":[{"href":"https:\/\/smartcontact.sk\/en\/wp-json\/wp\/v2\/pages\/7128","targetHints":{"allow":["GET"]}}],"collection":[{"href":"https:\/\/smartcontact.sk\/en\/wp-json\/wp\/v2\/pages"}],"about":[{"href":"https:\/\/smartcontact.sk\/en\/wp-json\/wp\/v2\/types\/page"}],"author":[{"embeddable":true,"href":"https:\/\/smartcontact.sk\/en\/wp-json\/wp\/v2\/users\/1"}],"replies":[{"embeddable":true,"href":"https:\/\/smartcontact.sk\/en\/wp-json\/wp\/v2\/comments?post=7128"}],"version-history":[{"count":91,"href":"https:\/\/smartcontact.sk\/en\/wp-json\/wp\/v2\/pages\/7128\/revisions"}],"predecessor-version":[{"id":7223,"href":"https:\/\/smartcontact.sk\/en\/wp-json\/wp\/v2\/pages\/7128\/revisions\/7223"}],"wp:attachment":[{"href":"https:\/\/smartcontact.sk\/en\/wp-json\/wp\/v2\/media?parent=7128"}],"curies":[{"name":"wp","href":"https:\/\/api.w.org\/{rel}","templated":true}]}}